{"id":6869,"date":"2017-12-16T08:07:08","date_gmt":"2017-12-16T08:07:08","guid":{"rendered":"http:\/\/mala-mente.com\/?post_type=product&#038;p=6869"},"modified":"2017-12-16T08:12:36","modified_gmt":"2017-12-16T08:12:36","slug":"petalos-del-cielo-copia","status":"publish","type":"product","link":"https:\/\/mala-mente.com\/?product=petalos-del-cielo-copia","title":{"rendered":"AC\u00d3LITOS BOCABAJO"},"content":{"rendered":"<p>Las copias de las fotograf\u00edas la puedes adquirir en papel semi-mate. y dos tama\u00f1os:<span class=\"chica\">\u00a024\u00d730 cm. y 30\u00d740 cm.<\/span><\/p>\n<p>La compra de la copia fotogr\u00e1fica no da derecho a su edici\u00f3n, transformaci\u00f3n y\/o publicaci\u00f3n.<\/p>\n","protected":false},"excerpt":{"rendered":"<p>Reflejo en un charco del cortejo de ac\u00f3litos de un paso de palio.<\/p>\n","protected":false},"featured_media":6856,"comment_status":"closed","ping_status":"closed","template":"","meta":[],"product_brand":[],"product_cat":[36,112,111],"product_tag":[40,115,114],"class_list":{"0":"post-6869","1":"product","2":"type-product","3":"status-publish","4":"has-post-thumbnail","6":"product_cat-fotografia","7":"product_cat-semana-santa","8":"product_cat-sevilla","9":"product_tag-fotografia","10":"product_tag-semana-santa","11":"product_tag-sevilla","12":"product_title_type-single_line","15":"first","16":"instock","17":"taxable","18":"shipping-taxable","19":"purchasable","20":"product-type-variable"},"_links":{"self":[{"href":"https:\/\/mala-mente.com\/index.php?rest_route=\/wp\/v2\/product\/6869","targetHints":{"allow":["GET"]}}],"collection":[{"href":"https:\/\/mala-mente.com\/index.php?rest_route=\/wp\/v2\/product"}],"about":[{"href":"https:\/\/mala-mente.com\/index.php?rest_route=\/wp\/v2\/types\/product"}],"replies":[{"embeddable":true,"href":"https:\/\/mala-mente.com\/index.php?rest_route=%2Fwp%2Fv2%2Fcomments&post=6869"}],"wp:featuredmedia":[{"embeddable":true,"href":"https:\/\/mala-mente.com\/index.php?rest_route=\/wp\/v2\/media\/6856"}],"wp:attachment":[{"href":"https:\/\/mala-mente.com\/index.php?rest_route=%2Fwp%2Fv2%2Fmedia&parent=6869"}],"wp:term":[{"taxonomy":"product_brand","embeddable":true,"href":"https:\/\/mala-mente.com\/index.php?rest_route=%2Fwp%2Fv2%2Fproduct_brand&post=6869"},{"taxonomy":"product_cat","embeddable":true,"href":"https:\/\/mala-mente.com\/index.php?rest_route=%2Fwp%2Fv2%2Fproduct_cat&post=6869"},{"taxonomy":"product_tag","embeddable":true,"href":"https:\/\/mala-mente.com\/index.php?rest_route=%2Fwp%2Fv2%2Fproduct_tag&post=6869"}],"curies":[{"name":"wp","href":"https:\/\/api.w.org\/{rel}","templated":true}]}}