{"id":6487,"date":"2017-10-24T17:37:42","date_gmt":"2017-10-24T17:37:42","guid":{"rendered":"http:\/\/mala-mente.com\/?post_type=product&#038;p=6487"},"modified":"2017-10-24T17:39:11","modified_gmt":"2017-10-24T17:39:11","slug":"naranjo","status":"publish","type":"product","link":"https:\/\/mala-mente.com\/?product=naranjo","title":{"rendered":"NARANJO"},"content":{"rendered":"<p>Las copias de las fotograf\u00edas la puedes adquirir en papel semi-mate. y dos tama\u00f1os:<span class=\"chica\">\u00a024\u00d730 cm. y 30\u00d740 cm.<\/span><\/p>\n<p>La compra de la copia fotogr\u00e1fica no da derecho a su edici\u00f3n, transformaci\u00f3n y\/o publicaci\u00f3n.<\/p>\n","protected":false},"excerpt":{"rendered":"<p>Detalle de uno de los naranjos repartidos por las calles de la ciudad.<\/p>\n","protected":false},"featured_media":6490,"comment_status":"closed","ping_status":"closed","template":"","meta":[],"product_brand":[],"product_cat":[36,111],"product_tag":[122,40,114],"class_list":{"0":"post-6487","1":"product","2":"type-product","3":"status-publish","4":"has-post-thumbnail","6":"product_cat-fotografia","7":"product_cat-sevilla","8":"product_tag-flores","9":"product_tag-fotografia","10":"product_tag-sevilla","11":"product_title_type-single_line","14":"first","15":"instock","16":"taxable","17":"shipping-taxable","18":"purchasable","19":"product-type-variable"},"_links":{"self":[{"href":"https:\/\/mala-mente.com\/index.php?rest_route=\/wp\/v2\/product\/6487","targetHints":{"allow":["GET"]}}],"collection":[{"href":"https:\/\/mala-mente.com\/index.php?rest_route=\/wp\/v2\/product"}],"about":[{"href":"https:\/\/mala-mente.com\/index.php?rest_route=\/wp\/v2\/types\/product"}],"replies":[{"embeddable":true,"href":"https:\/\/mala-mente.com\/index.php?rest_route=%2Fwp%2Fv2%2Fcomments&post=6487"}],"wp:featuredmedia":[{"embeddable":true,"href":"https:\/\/mala-mente.com\/index.php?rest_route=\/wp\/v2\/media\/6490"}],"wp:attachment":[{"href":"https:\/\/mala-mente.com\/index.php?rest_route=%2Fwp%2Fv2%2Fmedia&parent=6487"}],"wp:term":[{"taxonomy":"product_brand","embeddable":true,"href":"https:\/\/mala-mente.com\/index.php?rest_route=%2Fwp%2Fv2%2Fproduct_brand&post=6487"},{"taxonomy":"product_cat","embeddable":true,"href":"https:\/\/mala-mente.com\/index.php?rest_route=%2Fwp%2Fv2%2Fproduct_cat&post=6487"},{"taxonomy":"product_tag","embeddable":true,"href":"https:\/\/mala-mente.com\/index.php?rest_route=%2Fwp%2Fv2%2Fproduct_tag&post=6487"}],"curies":[{"name":"wp","href":"https:\/\/api.w.org\/{rel}","templated":true}]}}