{"id":6479,"date":"2017-10-24T17:33:44","date_gmt":"2017-10-24T17:33:44","guid":{"rendered":"http:\/\/mala-mente.com\/?post_type=product&#038;p=6479"},"modified":"2017-10-24T17:34:53","modified_gmt":"2017-10-24T17:34:53","slug":"betis-altozano","status":"publish","type":"product","link":"https:\/\/mala-mente.com\/?product=betis-altozano","title":{"rendered":"BETIS ALTOZANO"},"content":{"rendered":"<p>Las copias de las fotograf\u00edas la puedes adquirir en papel semi-mate. y dos tama\u00f1os:<span class=\"chica\">\u00a024\u00d730 cm. y 30\u00d740 cm.<\/span><\/p>\n<p>La compra de la copia fotogr\u00e1fica no da derecho a su edici\u00f3n, transformaci\u00f3n y\/o publicaci\u00f3n.<\/p>\n","protected":false},"excerpt":{"rendered":"<p>Detalle de la rotulaci\u00f3n en el principio de la calle Betis en Triana.<\/p>\n","protected":false},"featured_media":6482,"comment_status":"closed","ping_status":"closed","template":"","meta":[],"product_brand":[],"product_cat":[36,111],"product_tag":[40,114],"class_list":{"0":"post-6479","1":"product","2":"type-product","3":"status-publish","4":"has-post-thumbnail","6":"product_cat-fotografia","7":"product_cat-sevilla","8":"product_tag-fotografia","9":"product_tag-sevilla","10":"product_title_type-single_line","13":"first","14":"instock","15":"taxable","16":"shipping-taxable","17":"purchasable","18":"product-type-variable"},"_links":{"self":[{"href":"https:\/\/mala-mente.com\/index.php?rest_route=\/wp\/v2\/product\/6479","targetHints":{"allow":["GET"]}}],"collection":[{"href":"https:\/\/mala-mente.com\/index.php?rest_route=\/wp\/v2\/product"}],"about":[{"href":"https:\/\/mala-mente.com\/index.php?rest_route=\/wp\/v2\/types\/product"}],"replies":[{"embeddable":true,"href":"https:\/\/mala-mente.com\/index.php?rest_route=%2Fwp%2Fv2%2Fcomments&post=6479"}],"wp:featuredmedia":[{"embeddable":true,"href":"https:\/\/mala-mente.com\/index.php?rest_route=\/wp\/v2\/media\/6482"}],"wp:attachment":[{"href":"https:\/\/mala-mente.com\/index.php?rest_route=%2Fwp%2Fv2%2Fmedia&parent=6479"}],"wp:term":[{"taxonomy":"product_brand","embeddable":true,"href":"https:\/\/mala-mente.com\/index.php?rest_route=%2Fwp%2Fv2%2Fproduct_brand&post=6479"},{"taxonomy":"product_cat","embeddable":true,"href":"https:\/\/mala-mente.com\/index.php?rest_route=%2Fwp%2Fv2%2Fproduct_cat&post=6479"},{"taxonomy":"product_tag","embeddable":true,"href":"https:\/\/mala-mente.com\/index.php?rest_route=%2Fwp%2Fv2%2Fproduct_tag&post=6479"}],"curies":[{"name":"wp","href":"https:\/\/api.w.org\/{rel}","templated":true}]}}