{"id":6459,"date":"2017-10-24T17:23:56","date_gmt":"2017-10-24T17:23:56","guid":{"rendered":"http:\/\/mala-mente.com\/?post_type=product&#038;p=6459"},"modified":"2017-10-24T17:25:46","modified_gmt":"2017-10-24T17:25:46","slug":"centenario-verdiblanco","status":"publish","type":"product","link":"https:\/\/mala-mente.com\/?product=centenario-verdiblanco","title":{"rendered":"CENTENARIO VERDIBLANCO"},"content":{"rendered":"<p>Las copias de las fotograf\u00edas la puedes adquirir en papel semi-mate. y dos tama\u00f1os:<span class=\"chica\">\u00a024\u00d730 cm. y 30\u00d740 cm.<\/span><\/p>\n<p>La compra de la copia fotogr\u00e1fica no da derecho a su edici\u00f3n, transformaci\u00f3n y\/o publicaci\u00f3n.<\/p>\n","protected":false},"excerpt":{"rendered":"<p>Detalle de los farolillos conmemorativos del centenario del Real Betis Balompi\u00e9, colocados en la Feria de Abril de 2007.<\/p>\n","protected":false},"featured_media":6462,"comment_status":"closed","ping_status":"closed","template":"","meta":[],"product_brand":[],"product_cat":[113,36,111],"product_tag":[123,40,114],"class_list":{"0":"post-6459","1":"product","2":"type-product","3":"status-publish","4":"has-post-thumbnail","6":"product_cat-feria","7":"product_cat-fotografia","8":"product_cat-sevilla","9":"product_tag-feria","10":"product_tag-fotografia","11":"product_tag-sevilla","12":"product_title_type-single_line","15":"first","16":"instock","17":"taxable","18":"shipping-taxable","19":"purchasable","20":"product-type-variable"},"_links":{"self":[{"href":"https:\/\/mala-mente.com\/index.php?rest_route=\/wp\/v2\/product\/6459","targetHints":{"allow":["GET"]}}],"collection":[{"href":"https:\/\/mala-mente.com\/index.php?rest_route=\/wp\/v2\/product"}],"about":[{"href":"https:\/\/mala-mente.com\/index.php?rest_route=\/wp\/v2\/types\/product"}],"replies":[{"embeddable":true,"href":"https:\/\/mala-mente.com\/index.php?rest_route=%2Fwp%2Fv2%2Fcomments&post=6459"}],"wp:featuredmedia":[{"embeddable":true,"href":"https:\/\/mala-mente.com\/index.php?rest_route=\/wp\/v2\/media\/6462"}],"wp:attachment":[{"href":"https:\/\/mala-mente.com\/index.php?rest_route=%2Fwp%2Fv2%2Fmedia&parent=6459"}],"wp:term":[{"taxonomy":"product_brand","embeddable":true,"href":"https:\/\/mala-mente.com\/index.php?rest_route=%2Fwp%2Fv2%2Fproduct_brand&post=6459"},{"taxonomy":"product_cat","embeddable":true,"href":"https:\/\/mala-mente.com\/index.php?rest_route=%2Fwp%2Fv2%2Fproduct_cat&post=6459"},{"taxonomy":"product_tag","embeddable":true,"href":"https:\/\/mala-mente.com\/index.php?rest_route=%2Fwp%2Fv2%2Fproduct_tag&post=6459"}],"curies":[{"name":"wp","href":"https:\/\/api.w.org\/{rel}","templated":true}]}}