{"id":16448,"date":"2025-03-24T16:34:22","date_gmt":"2025-03-24T16:34:22","guid":{"rendered":"https:\/\/mala-mente.com\/?post_type=product&#038;p=16448"},"modified":"2026-01-14T16:49:38","modified_gmt":"2026-01-14T16:49:38","slug":"camiseta-ninos-1","status":"publish","type":"product","link":"https:\/\/mala-mente.com\/?product=camiseta-ninos-1","title":{"rendered":"CAMISETA NI\u00d1OS 1"},"content":{"rendered":"<p style=\"padding-left: 40px;\"><strong>Camiseta b\u00e1sica para ni\u00f1os de manga corta, 100% algod\u00f3n.\u00a0<\/strong><\/p>\n<ul>\n<li>Tejido tubular.<\/li>\n<li>Doble costura en mangas y bajo.<\/li>\n<li>Refuerzo de hombro a hombro.<\/li>\n<li>Cuello de lycra.<strong><br \/>\n<\/strong><\/li>\n<\/ul>\n<p>(No planchar directamente sobre el dise\u00f1o, volver la prenda del rev\u00e9s para su planchado).<\/p>\n","protected":false},"excerpt":{"rendered":"<div class=\"panel-body\">\n<p><strong>Camiseta b\u00e1sica para ni\u00f1os de manga corta, 100% algod\u00f3n.\u00a0<\/strong><\/p>\n<\/div>\n","protected":false},"featured_media":16453,"comment_status":"open","ping_status":"closed","template":"","meta":[],"product_brand":[],"product_cat":[274,192,276],"product_tag":[],"class_list":{"0":"post-16448","1":"product","2":"type-product","3":"status-publish","4":"has-post-thumbnail","6":"product_cat-camiseta","7":"product_cat-monteverde","8":"product_cat-ninos","9":"product_title_type-single_line","12":"first","13":"instock","14":"sale","15":"taxable","16":"shipping-taxable","17":"purchasable","18":"product-type-variable"},"_links":{"self":[{"href":"https:\/\/mala-mente.com\/index.php?rest_route=\/wp\/v2\/product\/16448","targetHints":{"allow":["GET"]}}],"collection":[{"href":"https:\/\/mala-mente.com\/index.php?rest_route=\/wp\/v2\/product"}],"about":[{"href":"https:\/\/mala-mente.com\/index.php?rest_route=\/wp\/v2\/types\/product"}],"replies":[{"embeddable":true,"href":"https:\/\/mala-mente.com\/index.php?rest_route=%2Fwp%2Fv2%2Fcomments&post=16448"}],"wp:featuredmedia":[{"embeddable":true,"href":"https:\/\/mala-mente.com\/index.php?rest_route=\/wp\/v2\/media\/16453"}],"wp:attachment":[{"href":"https:\/\/mala-mente.com\/index.php?rest_route=%2Fwp%2Fv2%2Fmedia&parent=16448"}],"wp:term":[{"taxonomy":"product_brand","embeddable":true,"href":"https:\/\/mala-mente.com\/index.php?rest_route=%2Fwp%2Fv2%2Fproduct_brand&post=16448"},{"taxonomy":"product_cat","embeddable":true,"href":"https:\/\/mala-mente.com\/index.php?rest_route=%2Fwp%2Fv2%2Fproduct_cat&post=16448"},{"taxonomy":"product_tag","embeddable":true,"href":"https:\/\/mala-mente.com\/index.php?rest_route=%2Fwp%2Fv2%2Fproduct_tag&post=16448"}],"curies":[{"name":"wp","href":"https:\/\/api.w.org\/{rel}","templated":true}]}}